{"id":142,"date":"2020-03-27T15:51:05","date_gmt":"2020-03-27T15:51:05","guid":{"rendered":"http:\/\/websitenew.de\/?page_id=142"},"modified":"2020-04-11T09:42:43","modified_gmt":"2020-04-11T09:42:43","slug":"seite-2","status":"publish","type":"page","link":"https:\/\/websitenew.de\/?page_id=142","title":{"rendered":"Seite 2"},"content":{"rendered":"\t\t<div data-elementor-type=\"wp-page\" data-elementor-id=\"142\" class=\"elementor elementor-142\">\n\t\t\t\t\t\t<section class=\"elementor-section elementor-top-section elementor-element elementor-element-2da00d2 elementor-section-boxed elementor-section-height-default elementor-section-height-default\" data-id=\"2da00d2\" data-element_type=\"section\" data-e-type=\"section\">\n\t\t\t\t\t\t<div class=\"elementor-container elementor-column-gap-default\">\n\t\t\t\t\t<div class=\"elementor-column elementor-col-100 elementor-top-column elementor-element elementor-element-f7c17e0\" data-id=\"f7c17e0\" data-element_type=\"column\" data-e-type=\"column\">\n\t\t\t<div class=\"elementor-widget-wrap elementor-element-populated\">\n\t\t\t\t\t\t<div class=\"elementor-element elementor-element-3cea114 elementor-widget elementor-widget-spacer\" data-id=\"3cea114\" data-element_type=\"widget\" data-e-type=\"widget\" data-widget_type=\"spacer.default\">\n\t\t\t\t<div class=\"elementor-widget-container\">\n\t\t\t\t\t\t\t<div class=\"elementor-spacer\">\n\t\t\t<div class=\"elementor-spacer-inner\"><\/div>\n\t\t<\/div>\n\t\t\t\t\t\t<\/div>\n\t\t\t\t<\/div>\n\t\t\t\t\t<\/div>\n\t\t<\/div>\n\t\t\t\t\t<\/div>\n\t\t<\/section>\n\t\t\t\t<section class=\"elementor-section elementor-top-section elementor-element elementor-element-8669a39 elementor-section-boxed elementor-section-height-default elementor-section-height-default\" data-id=\"8669a39\" data-element_type=\"section\" data-e-type=\"section\">\n\t\t\t\t\t\t<div class=\"elementor-container elementor-column-gap-default\">\n\t\t\t\t\t<div class=\"elementor-column elementor-col-100 elementor-top-column elementor-element elementor-element-5c8899d\" data-id=\"5c8899d\" data-element_type=\"column\" data-e-type=\"column\">\n\t\t\t<div class=\"elementor-widget-wrap elementor-element-populated\">\n\t\t\t\t\t\t<section class=\"elementor-section elementor-inner-section elementor-element elementor-element-03c7c3e elementor-section-height-min-height elementor-section-boxed elementor-section-height-default\" data-id=\"03c7c3e\" data-element_type=\"section\" data-e-type=\"section\">\n\t\t\t\t\t\t<div class=\"elementor-container elementor-column-gap-default\">\n\t\t\t\t\t<div class=\"elementor-column elementor-col-33 elementor-inner-column elementor-element elementor-element-b42562d\" data-id=\"b42562d\" data-element_type=\"column\" data-e-type=\"column\">\n\t\t\t<div class=\"elementor-widget-wrap elementor-element-populated\">\n\t\t\t\t\t\t<div class=\"elementor-element elementor-element-bdcb4fb elementor-widget elementor-widget-image\" data-id=\"bdcb4fb\" data-element_type=\"widget\" data-e-type=\"widget\" data-widget_type=\"image.default\">\n\t\t\t\t<div class=\"elementor-widget-container\">\n\t\t\t\t\t\t\t\t\t\t\t\t\t\t\t<img fetchpriority=\"high\" decoding=\"async\" width=\"420\" height=\"500\" src=\"https:\/\/websitenew.de\/wp-content\/uploads\/2020\/04\/Einstein40x500.jpg\" class=\"attachment-large size-large wp-image-252\" alt=\"\" srcset=\"https:\/\/websitenew.de\/wp-content\/uploads\/2020\/04\/Einstein40x500.jpg 420w, https:\/\/websitenew.de\/wp-content\/uploads\/2020\/04\/Einstein40x500-252x300.jpg 252w\" sizes=\"(max-width: 420px) 100vw, 420px\" \/>\t\t\t\t\t\t\t\t\t\t\t\t\t\t\t<\/div>\n\t\t\t\t<\/div>\n\t\t\t\t\t<\/div>\n\t\t<\/div>\n\t\t\t\t<div class=\"elementor-column elementor-col-33 elementor-inner-column elementor-element elementor-element-fbd3a30\" data-id=\"fbd3a30\" data-element_type=\"column\" data-e-type=\"column\">\n\t\t\t<div class=\"elementor-widget-wrap\">\n\t\t\t\t\t\t\t<\/div>\n\t\t<\/div>\n\t\t\t\t<div class=\"elementor-column elementor-col-33 elementor-inner-column elementor-element elementor-element-6245575\" data-id=\"6245575\" data-element_type=\"column\" data-e-type=\"column\">\n\t\t\t<div class=\"elementor-widget-wrap elementor-element-populated\">\n\t\t\t\t\t\t<div class=\"elementor-element elementor-element-2712084 elementor-tabs-view-horizontal elementor-widget elementor-widget-tabs\" data-id=\"2712084\" data-element_type=\"widget\" data-e-type=\"widget\" data-widget_type=\"tabs.default\">\n\t\t\t\t<div class=\"elementor-widget-container\">\n\t\t\t\t\t\t\t<div class=\"elementor-tabs\">\n\t\t\t<div class=\"elementor-tabs-wrapper\" role=\"tablist\" >\n\t\t\t\t\t\t\t\t\t<div id=\"elementor-tab-title-4091\" class=\"elementor-tab-title elementor-tab-desktop-title\" aria-selected=\"true\" data-tab=\"1\" role=\"tab\" tabindex=\"0\" aria-controls=\"elementor-tab-content-4091\" aria-expanded=\"false\">Vita<\/div>\n\t\t\t\t\t\t\t\t\t<div id=\"elementor-tab-title-4092\" class=\"elementor-tab-title elementor-tab-desktop-title\" aria-selected=\"false\" data-tab=\"2\" role=\"tab\" tabindex=\"-1\" aria-controls=\"elementor-tab-content-4092\" aria-expanded=\"false\">Hauptwerk<\/div>\n\t\t\t\t\t\t\t\t\t<div id=\"elementor-tab-title-4093\" class=\"elementor-tab-title elementor-tab-desktop-title\" aria-selected=\"false\" data-tab=\"3\" role=\"tab\" tabindex=\"-1\" aria-controls=\"elementor-tab-content-4093\" aria-expanded=\"false\">Position<\/div>\n\t\t\t\t\t\t\t\t\t<div id=\"elementor-tab-title-4094\" class=\"elementor-tab-title elementor-tab-desktop-title\" aria-selected=\"false\" data-tab=\"4\" role=\"tab\" tabindex=\"-1\" aria-controls=\"elementor-tab-content-4094\" aria-expanded=\"false\">Katalog<\/div>\n\t\t\t\t\t\t\t<\/div>\n\t\t\t<div class=\"elementor-tabs-content-wrapper\" role=\"tablist\" aria-orientation=\"vertical\">\n\t\t\t\t\t\t\t\t\t<div class=\"elementor-tab-title elementor-tab-mobile-title\" aria-selected=\"true\" data-tab=\"1\" role=\"tab\" tabindex=\"0\" aria-controls=\"elementor-tab-content-4091\" aria-expanded=\"false\">Vita<\/div>\n\t\t\t\t\t<div id=\"elementor-tab-content-4091\" class=\"elementor-tab-content elementor-clearfix\" data-tab=\"1\" role=\"tabpanel\" aria-labelledby=\"elementor-tab-title-4091\" tabindex=\"0\" hidden=\"false\"><p>Geboren wird Albert Einstein am 14. M\u00e4rz 1879 in Ulm als Sohn j\u00fcdischer Eltern. Seine Kindheit und Jugend verbringt er \u00fcberwiegend in M\u00fcnchen. Der kleine Albert gilt als aufgeweckter Sch\u00fcler mit durchwegs soliden Noten, seine Hochbegabung bleibt allerdings unentdeckt. Dem deutschen Milit\u00e4rdienst entzieht er sich &#8211; und macht sein Abitur (Matura) in der Schweiz.<\/p><p>1896 beginnt Einstein an der Technischen Hochschule Z\u00fcrich Mathematik und Physik zu studieren. Er eckt aber immer wieder mit seinen Professoren an, was ihm zun\u00e4chst eine wissenschaftliche Karriere an den Schweizer Universit\u00e4ten verbaut. Schlie\u00dflich erh\u00e4lt er 1902 eine Stelle beim Schweizer Patentamt in Bern als &#8222;technischer Experte 3. Klasse\u201c. Ein Jahr sp\u00e4ter heiratet er gegen den Willen der Familie seine Kommilitonin Mileva Maric. Sie werden Eltern von zwei S\u00f6hnen und laut Briefen zwischen dem Ehepaar auch einer Tochter.<\/p><\/div>\n\t\t\t\t\t\t\t\t\t<div class=\"elementor-tab-title elementor-tab-mobile-title\" aria-selected=\"false\" data-tab=\"2\" role=\"tab\" tabindex=\"-1\" aria-controls=\"elementor-tab-content-4092\" aria-expanded=\"false\">Hauptwerk<\/div>\n\t\t\t\t\t<div id=\"elementor-tab-content-4092\" class=\"elementor-tab-content elementor-clearfix\" data-tab=\"2\" role=\"tabpanel\" aria-labelledby=\"elementor-tab-title-4092\" tabindex=\"0\" hidden=\"hidden\"><p>Im Alter von 26 Jahren ver\u00f6ffentlicht Einstein einige seiner \nwichtigsten Werke, darunter &#8222;Annalen der Physik&#8220;. Mit der Begr\u00fcndung der\n &#8222;Speziellen Relativit\u00e4tstheorie&#8220;, aus der er 1915 die &#8222;Allgemeine \nRelativit\u00e4tstheorie&#8220; entwickeln wird, leitet er gleichzeitig den \n\u00dcbergang zur modernen Wissenschaft ein. Ein Jahr sp\u00e4ter wird \nEinstein die Doktorw\u00fcrde verliehen, 1909 erh\u00e4lt er eine au\u00dferordentliche\n Professor f\u00fcr theoretische Physik an der Universit\u00e4t Z\u00fcrich. Es folgt \neine weitere Station in Prag, bis er 1914 nach Berlin siedelt, um sich \ndort ganz der Forschung zu widmen.1921 wird Einstein f\u00fcr seine Verdienste \num die theoretische Physik, besonders f\u00fcr seine Entdeckung des Gesetzes \ndes photoelektrischen Effekts, mit dem Nobelpreis f\u00fcr Physik \nausgezeichnet.<\/p><p>Einstein, der weiter an seiner Quantentheorie \narbeitet, wird aufgrund seiner j\u00fcdischen Herkunft immer \u00f6fter von den \nNazis angefeindet. Noch bevor ihn die Nationalsozialisten von der \nPreussischen Akademie in Berlin ausschlie\u00dfen k\u00f6nnen, legt er 1933 sein \nAmt nieder und nimmt eine Anstellung in Princeton (New Jersey) an. \nDeutschen Boden wird er danach nie wieder betreten. <\/p><\/div>\n\t\t\t\t\t\t\t\t\t<div class=\"elementor-tab-title elementor-tab-mobile-title\" aria-selected=\"false\" data-tab=\"3\" role=\"tab\" tabindex=\"-1\" aria-controls=\"elementor-tab-content-4093\" aria-expanded=\"false\">Position<\/div>\n\t\t\t\t\t<div id=\"elementor-tab-content-4093\" class=\"elementor-tab-content elementor-clearfix\" data-tab=\"3\" role=\"tabpanel\" aria-labelledby=\"elementor-tab-title-4093\" tabindex=\"0\" hidden=\"hidden\"><p>Ein besonderer Genuss jedoch sind die wohlschmeckenden Kaffee-Sorten, Espresso, Latte machiato, Capuccino usw. die uns vollends in italienische Sph\u00e4ren entf\u00fchren und die Staufener Hauptstra\u00dfe in ein Via Italia verwandeln.<\/p><\/div>\n\t\t\t\t\t\t\t\t\t<div class=\"elementor-tab-title elementor-tab-mobile-title\" aria-selected=\"false\" data-tab=\"4\" role=\"tab\" tabindex=\"-1\" aria-controls=\"elementor-tab-content-4094\" aria-expanded=\"false\">Katalog<\/div>\n\t\t\t\t\t<div id=\"elementor-tab-content-4094\" class=\"elementor-tab-content elementor-clearfix\" data-tab=\"4\" role=\"tabpanel\" aria-labelledby=\"elementor-tab-title-4094\" tabindex=\"0\" hidden=\"hidden\">Tab-Inhalt<\/div>\n\t\t\t\t\t\t\t<\/div>\n\t\t<\/div>\n\t\t\t\t\t\t<\/div>\n\t\t\t\t<\/div>\n\t\t\t\t\t<\/div>\n\t\t<\/div>\n\t\t\t\t\t<\/div>\n\t\t<\/section>\n\t\t\t\t\t<\/div>\n\t\t<\/div>\n\t\t\t\t\t<\/div>\n\t\t<\/section>\n\t\t\t\t<\/div>\n\t\t","protected":false},"excerpt":{"rendered":"<p>Vita Hauptwerk Position Katalog Vita Geboren wird Albert Einstein am 14. M\u00e4rz 1879 in Ulm als Sohn j\u00fcdischer Eltern. Seine Kindheit und Jugend verbringt er \u00fcberwiegend in M\u00fcnchen. Der kleine Albert gilt als aufgeweckter Sch\u00fcler mit durchwegs soliden Noten, seine Hochbegabung bleibt allerdings unentdeckt. Dem deutschen Milit\u00e4rdienst entzieht er sich \u2013 und macht sein Abitur [&hellip;]<\/p>\n","protected":false},"author":1,"featured_media":0,"parent":0,"menu_order":0,"comment_status":"closed","ping_status":"closed","template":"","meta":{"ocean_post_layout":"full-screen","ocean_both_sidebars_style":"","ocean_both_sidebars_content_width":0,"ocean_both_sidebars_sidebars_width":0,"ocean_sidebar":"0","ocean_second_sidebar":"0","ocean_disable_margins":"on","ocean_add_body_class":"","ocean_shortcode_before_top_bar":"","ocean_shortcode_after_top_bar":"","ocean_shortcode_before_header":"","ocean_shortcode_after_header":"","ocean_has_shortcode":"","ocean_shortcode_after_title":"","ocean_shortcode_before_footer_widgets":"","ocean_shortcode_after_footer_widgets":"","ocean_shortcode_before_footer_bottom":"","ocean_shortcode_after_footer_bottom":"","ocean_display_top_bar":"off","ocean_display_header":"on","ocean_header_style":"","ocean_center_header_left_menu":"0","ocean_custom_header_template":"0","ocean_custom_logo":0,"ocean_custom_retina_logo":0,"ocean_custom_logo_max_width":0,"ocean_custom_logo_tablet_max_width":0,"ocean_custom_logo_mobile_max_width":0,"ocean_custom_logo_max_height":0,"ocean_custom_logo_tablet_max_height":0,"ocean_custom_logo_mobile_max_height":0,"ocean_header_custom_menu":"0","ocean_menu_typo_font_family":"0","ocean_menu_typo_font_subset":"","ocean_menu_typo_font_size":0,"ocean_menu_typo_font_size_tablet":0,"ocean_menu_typo_font_size_mobile":0,"ocean_menu_typo_font_size_unit":"px","ocean_menu_typo_font_weight":"","ocean_menu_typo_font_weight_tablet":"","ocean_menu_typo_font_weight_mobile":"","ocean_menu_typo_transform":"","ocean_menu_typo_transform_tablet":"","ocean_menu_typo_transform_mobile":"","ocean_menu_typo_line_height":0,"ocean_menu_typo_line_height_tablet":0,"ocean_menu_typo_line_height_mobile":0,"ocean_menu_typo_line_height_unit":"","ocean_menu_typo_spacing":0,"ocean_menu_typo_spacing_tablet":0,"ocean_menu_typo_spacing_mobile":0,"ocean_menu_typo_spacing_unit":"","ocean_menu_link_color":"","ocean_menu_link_color_hover":"","ocean_menu_link_color_active":"","ocean_menu_link_background":"","ocean_menu_link_hover_background":"","ocean_menu_link_active_background":"","ocean_menu_social_links_bg":"","ocean_menu_social_hover_links_bg":"","ocean_menu_social_links_color":"","ocean_menu_social_hover_links_color":"","ocean_disable_title":"on","ocean_disable_heading":"default","ocean_post_title":"","ocean_post_subheading":"","ocean_post_title_style":"","ocean_post_title_background_color":"","ocean_post_title_background":0,"ocean_post_title_bg_image_position":"","ocean_post_title_bg_image_attachment":"","ocean_post_title_bg_image_repeat":"","ocean_post_title_bg_image_size":"","ocean_post_title_height":0,"ocean_post_title_bg_overlay":0.5,"ocean_post_title_bg_overlay_color":"","ocean_disable_breadcrumbs":"default","ocean_breadcrumbs_color":"","ocean_breadcrumbs_separator_color":"","ocean_breadcrumbs_links_color":"","ocean_breadcrumbs_links_hover_color":"","ocean_display_footer_widgets":"default","ocean_display_footer_bottom":"default","ocean_custom_footer_template":"0","footnotes":""},"class_list":["post-142","page","type-page","status-publish","hentry","entry"],"_links":{"self":[{"href":"https:\/\/websitenew.de\/index.php?rest_route=\/wp\/v2\/pages\/142","targetHints":{"allow":["GET"]}}],"collection":[{"href":"https:\/\/websitenew.de\/index.php?rest_route=\/wp\/v2\/pages"}],"about":[{"href":"https:\/\/websitenew.de\/index.php?rest_route=\/wp\/v2\/types\/page"}],"author":[{"embeddable":true,"href":"https:\/\/websitenew.de\/index.php?rest_route=\/wp\/v2\/users\/1"}],"replies":[{"embeddable":true,"href":"https:\/\/websitenew.de\/index.php?rest_route=%2Fwp%2Fv2%2Fcomments&post=142"}],"version-history":[{"count":50,"href":"https:\/\/websitenew.de\/index.php?rest_route=\/wp\/v2\/pages\/142\/revisions"}],"predecessor-version":[{"id":266,"href":"https:\/\/websitenew.de\/index.php?rest_route=\/wp\/v2\/pages\/142\/revisions\/266"}],"wp:attachment":[{"href":"https:\/\/websitenew.de\/index.php?rest_route=%2Fwp%2Fv2%2Fmedia&parent=142"}],"curies":[{"name":"wp","href":"https:\/\/api.w.org\/{rel}","templated":true}]}}